{"id":621,"date":"2015-10-01T10:29:48","date_gmt":"2015-10-01T13:29:48","guid":{"rendered":"http:\/\/www.elciopaiva.com.br\/site\/?page_id=621"},"modified":"2024-07-11T13:47:22","modified_gmt":"2024-07-11T16:47:22","slug":"sobre","status":"publish","type":"page","link":"https:\/\/elciopaiva.com.br\/site\/sobre\/","title":{"rendered":"SOBRE"},"content":{"rendered":"\n<div class=\"wp-block-columns is-layout-flex wp-container-core-columns-is-layout-1 wp-block-columns-is-layout-flex\">\n<div class=\"wp-block-column is-layout-flow wp-block-column-is-layout-flow\">\n<div class=\"wp-block-media-text is-stacked-on-mobile is-vertically-aligned-top\"><figure class=\"wp-block-media-text__media\"><img loading=\"lazy\" decoding=\"async\" width=\"640\" height=\"960\" src=\"https:\/\/elciopaiva.com.br\/site\/wp-content\/uploads\/2015\/10\/Elcio640x960.jpg\" alt=\"\" class=\"wp-image-626 size-full\" srcset=\"https:\/\/elciopaiva.com.br\/site\/wp-content\/uploads\/2015\/10\/Elcio640x960.jpg 640w, https:\/\/elciopaiva.com.br\/site\/wp-content\/uploads\/2015\/10\/Elcio640x960-533x800.jpg 533w\" sizes=\"(max-width: 640px) 100vw, 640px\" \/><\/figure><div class=\"wp-block-media-text__content\">\n<h2 class=\"wp-block-heading\">Elcio Paiva<\/h2>\n\n\n\n<p>Administrador de Empresas por forma\u00e7\u00e3o e fot\u00f3grafo de cora\u00e7\u00e3o, encontrei na arte de contar hist\u00f3rias atrav\u00e9s da fotografia a minha voca\u00e7\u00e3o. Aquilo que um dia come\u00e7ou como um simples hobby virou minha paix\u00e3o e minha carreira.<\/p>\n\n\n\n<p>Percebi que n\u00e3o existem eventos id\u00eanticos, e o meu desafio \u00e9 sempre encontrar a singularidade de cada momento, com imagens din\u00e2micas e espont\u00e2neas, oferecendo uma lembran\u00e7a fotogr\u00e1fica para a vida inteira.<\/p>\n\n\n\n<p>Tenho certeza que a \u00faltima imagem de um dia pode ser t\u00e3o importante quanto a primeira e, com isso, busco tornar tudo aquilo que \u00e9 fotografado em algo \u00fanico e especial. Sei tamb\u00e9m que voc\u00ea vai aproveitar suas fotos para o resto da sua vida e que elas t\u00eam um valor sentimental que dinheiro nenhum pode pagar. Por essas raz\u00f5es,ofere\u00e7o pacotes diferenciados com cobertura integral do seu evento e sem limites de fotos.<\/p>\n\n\n\n<p>Tudo \u00e9 sempre feito por mim. Do primeiro e-mail \u00e0 entrega final do \u00e1lbum, passando pelo post no blog, sou eu o respons\u00e1vel. Com isso, me inspiro com meus clientes e assim almejo fazer ainda mais fotos que representem quem eles s\u00e3o como fam\u00edlia, como casal e como indiv\u00edduos.<\/p>\n\n\n\n<p>Seja bem vindo!<\/p>\n<\/div><\/div>\n<\/div>\n<\/div>\n","protected":false},"excerpt":{"rendered":"<p>Elcio Paiva Administrador de Empresas por forma\u00e7\u00e3o e fot\u00f3grafo de cora\u00e7\u00e3o, encontrei na arte de contar hist\u00f3rias atrav\u00e9s da fotografia a minha voca\u00e7\u00e3o. Aquilo que um dia come\u00e7ou como um simples hobby virou minha paix\u00e3o e minha carreira. Percebi que n\u00e3o existem eventos id\u00eanticos, e o meu desafio \u00e9 sempre encontrar a singularidade de cada [&hellip;]<\/p>\n","protected":false},"author":1,"featured_media":0,"parent":0,"menu_order":0,"comment_status":"closed","ping_status":"closed","template":"","meta":{"_acf_changed":false,"_monsterinsights_skip_tracking":false,"_monsterinsights_sitenote_active":false,"_monsterinsights_sitenote_note":"","_monsterinsights_sitenote_category":0,"footnotes":""},"class_list":["post-621","page","type-page","status-publish","hentry"],"acf":[],"aioseo_notices":[],"_links":{"self":[{"href":"https:\/\/elciopaiva.com.br\/site\/wp-json\/wp\/v2\/pages\/621"}],"collection":[{"href":"https:\/\/elciopaiva.com.br\/site\/wp-json\/wp\/v2\/pages"}],"about":[{"href":"https:\/\/elciopaiva.com.br\/site\/wp-json\/wp\/v2\/types\/page"}],"author":[{"embeddable":true,"href":"https:\/\/elciopaiva.com.br\/site\/wp-json\/wp\/v2\/users\/1"}],"replies":[{"embeddable":true,"href":"https:\/\/elciopaiva.com.br\/site\/wp-json\/wp\/v2\/comments?post=621"}],"version-history":[{"count":7,"href":"https:\/\/elciopaiva.com.br\/site\/wp-json\/wp\/v2\/pages\/621\/revisions"}],"predecessor-version":[{"id":31892,"href":"https:\/\/elciopaiva.com.br\/site\/wp-json\/wp\/v2\/pages\/621\/revisions\/31892"}],"wp:attachment":[{"href":"https:\/\/elciopaiva.com.br\/site\/wp-json\/wp\/v2\/media?parent=621"}],"curies":[{"name":"wp","href":"https:\/\/api.w.org\/{rel}","templated":true}]}}